{"id":643,"date":"2020-07-12T19:07:09","date_gmt":"2020-07-12T19:07:09","guid":{"rendered":"https:\/\/barkacsember.hu\/en\/?page_id=643"},"modified":"2022-01-02T20:08:19","modified_gmt":"2022-01-02T20:08:19","slug":"service-areas","status":"publish","type":"page","link":"https:\/\/barkacsember.hu\/en\/service-areas\/","title":{"rendered":"Service areas"},"content":{"rendered":"\n<div class=\"wp-block-image\"><figure class=\"aligncenter size-large\"><img loading=\"lazy\" decoding=\"async\" width=\"1024\" height=\"400\" src=\"https:\/\/barkacsember.hu\/en\/wp-content\/uploads\/2020\/07\/Service-areas-Map-1024x400.jpg\" alt=\"\" class=\"wp-image-653\" srcset=\"https:\/\/barkacsember.hu\/en\/wp-content\/uploads\/2020\/07\/Service-areas-Map-1024x400.jpg 1024w, https:\/\/barkacsember.hu\/en\/wp-content\/uploads\/2020\/07\/Service-areas-Map-300x117.jpg 300w, https:\/\/barkacsember.hu\/en\/wp-content\/uploads\/2020\/07\/Service-areas-Map-768x300.jpg 768w, https:\/\/barkacsember.hu\/en\/wp-content\/uploads\/2020\/07\/Service-areas-Map.jpg 1238w\" sizes=\"auto, (max-width: 1024px) 100vw, 1024px\" \/><\/figure><\/div>\n\n\n\n<table id=\"tablepress-3\" class=\"tablepress tablepress-id-3\">\n<thead>\n<tr class=\"row-1\">\n\t<th class=\"column-1\"><P align=\"center\"><b><font color=\"08C70E\"\u02c7><br \/>\nI. kategory call out zone<br \/>\n<\/font>2000 HUF<\/b><\/P><br \/>\n<P align=\"center\">B\u00e9k\u00e1smegyer<br \/>\nBudakal\u00e1sz<br \/>\nCsob\u00e1nka<br \/>\nLe\u00e1nyfalu<br \/>\nPom\u00e1z<br \/>\nSzentendre<br \/>\nTahit\u00f3tfalu<br \/>\n\u00dcr\u00f6m<br \/>\n<\/P><\/th><th class=\"column-2\"><P align=\"center\"><b><font color=\"0CA893\"\u02c7><br \/>\n II. kategory call out zone<br \/>\n<\/font>4000 HUF<\/b><\/P><br \/>\n<P align=\"center\">Budapest I. Ker\u00fclet<br \/>\nBudapest II. Ker\u00fclet<br \/>\nBudapest III. Ker\u00fclet<br \/>\nBudapest IV. Ker\u00fclet<br \/>\nBudapest V. Ker\u00fclet<br \/>\nBudapest VI. Ker\u00fclet<br \/>\nBudapest VII. Ker\u00fclet<br \/>\nBudapest VIII. Ker\u00fclet<br \/>\nBudapest XI. Ker\u00fclet<br \/>\nBudapest XII. Ker\u00fclet<br \/>\nBudapest XIII. Ker\u00fclet<br \/>\nBudapest XIV. Ker\u00fclet<br \/>\nDunakeszi<br \/>\n<\/P><\/th><th class=\"column-3\"><P align=\"center\"><b><font color=\"#dd1a1a\"\u02c7><br \/>\nIII. kategory call out zone<br \/>\n<\/font>6000 HUF<\/b><\/P><br \/>\n<P align=\"center\">Budakeszi<br \/>\nBuda\u00f6rs<br \/>\nBudapest IX. Ker\u00fclet<br \/>\nBudapest X. Ker\u00fclet<br \/>\nBudapest XIX. Ker\u00fclet<br \/>\nBudapest XV. Ker\u00fclet<br \/>\nBudapest XX. Ker\u00fclet<br \/>\nBudapest XXII. Ker\u00fclet<br \/>\nDi\u00f3sd<br \/>\nDunabogd\u00e1ny<br \/>\nHor\u00e1ny<br \/>\nKisoroszi<br \/>\nNagykov\u00e1csi<br \/>\nPilisborosjen\u0151<br \/>\nPilisv\u00f6r\u00f6sv\u00e1r<br \/>\nPilisszentiv\u00e1n<br \/>\nP\u00f3csmegyer<br \/>\nSolym\u00e1r<br \/>\nSur\u00e1ny<br \/>\nSzentgy\u00f6rgypuszta<br \/>\nSzigetmonostor<br \/>\nT\u00f3tfalu<br \/>\n\u00dajmajor<br \/>\nVisegr\u00e1d<br \/>\n<\/P><\/th>\n<\/tr>\n<\/thead>\n<tbody class=\"row-striping row-hover\">\n<\/tbody>\n<\/table>\n\n","protected":false},"excerpt":{"rendered":"","protected":false},"author":1,"featured_media":815,"parent":0,"menu_order":0,"comment_status":"closed","ping_status":"closed","template":"","meta":{"footnotes":""},"class_list":["post-643","page","type-page","status-publish","has-post-thumbnail","hentry"],"yoast_head":"<!-- This site is optimized with the Yoast SEO plugin v27.5 - https:\/\/yoast.com\/product\/yoast-seo-wordpress\/ -->\n<title>Service areas - Bark\u00e1cs Ember - Handyman<\/title>\n<meta name=\"description\" content=\"Use the subpage below to find out if the handyman service is available in your area and, if so, what a fixed Call out fee you should expect.\" \/>\n<meta name=\"robots\" content=\"index, follow, max-snippet:-1, max-image-preview:large, max-video-preview:-1\" \/>\n<link rel=\"canonical\" href=\"https:\/\/barkacsember.hu\/en\/service-areas\/\" \/>\n<meta property=\"og:locale\" content=\"hu_HU\" \/>\n<meta property=\"og:type\" content=\"article\" \/>\n<meta property=\"og:title\" content=\"Service areas - Bark\u00e1cs Ember - Handyman\" \/>\n<meta property=\"og:description\" content=\"Use the subpage below to find out if the handyman service is available in your area and, if so, what a fixed Call out fee you should expect.\" \/>\n<meta property=\"og:url\" content=\"https:\/\/barkacsember.hu\/en\/service-areas\/\" \/>\n<meta property=\"og:site_name\" content=\"Handyman\" \/>\n<meta property=\"article:modified_time\" content=\"2022-01-02T20:08:19+00:00\" \/>\n<meta property=\"og:image\" content=\"https:\/\/barkacsember.hu\/en\/wp-content\/uploads\/2020\/07\/cropped-hammer.png\" \/>\n\t<meta property=\"og:image:width\" content=\"512\" \/>\n\t<meta property=\"og:image:height\" content=\"512\" \/>\n\t<meta property=\"og:image:type\" content=\"image\/png\" \/>\n<meta name=\"twitter:card\" content=\"summary_large_image\" \/>\n<meta name=\"twitter:label1\" content=\"Becs\u00fclt olvas\u00e1si id\u0151\" \/>\n\t<meta name=\"twitter:data1\" content=\"1 perc\" \/>\n<script type=\"application\/ld+json\" class=\"yoast-schema-graph\">{\"@context\":\"https:\\\/\\\/schema.org\",\"@graph\":[{\"@type\":\"WebPage\",\"@id\":\"https:\\\/\\\/barkacsember.hu\\\/en\\\/service-areas\\\/\",\"url\":\"https:\\\/\\\/barkacsember.hu\\\/en\\\/service-areas\\\/\",\"name\":\"Service areas - Bark\u00e1cs Ember - Handyman\",\"isPartOf\":{\"@id\":\"https:\\\/\\\/barkacsember.hu\\\/en\\\/#website\"},\"primaryImageOfPage\":{\"@id\":\"https:\\\/\\\/barkacsember.hu\\\/en\\\/service-areas\\\/#primaryimage\"},\"image\":{\"@id\":\"https:\\\/\\\/barkacsember.hu\\\/en\\\/service-areas\\\/#primaryimage\"},\"thumbnailUrl\":\"https:\\\/\\\/barkacsember.hu\\\/en\\\/wp-content\\\/uploads\\\/2020\\\/07\\\/cropped-hammer.png\",\"datePublished\":\"2020-07-12T19:07:09+00:00\",\"dateModified\":\"2022-01-02T20:08:19+00:00\",\"description\":\"Use the subpage below to find out if the handyman service is available in your area and, if so, what a fixed Call out fee you should expect.\",\"breadcrumb\":{\"@id\":\"https:\\\/\\\/barkacsember.hu\\\/en\\\/service-areas\\\/#breadcrumb\"},\"inLanguage\":\"hu\",\"potentialAction\":[{\"@type\":\"ReadAction\",\"target\":[\"https:\\\/\\\/barkacsember.hu\\\/en\\\/service-areas\\\/\"]}]},{\"@type\":\"ImageObject\",\"inLanguage\":\"hu\",\"@id\":\"https:\\\/\\\/barkacsember.hu\\\/en\\\/service-areas\\\/#primaryimage\",\"url\":\"https:\\\/\\\/barkacsember.hu\\\/en\\\/wp-content\\\/uploads\\\/2020\\\/07\\\/cropped-hammer.png\",\"contentUrl\":\"https:\\\/\\\/barkacsember.hu\\\/en\\\/wp-content\\\/uploads\\\/2020\\\/07\\\/cropped-hammer.png\",\"width\":512,\"height\":512},{\"@type\":\"BreadcrumbList\",\"@id\":\"https:\\\/\\\/barkacsember.hu\\\/en\\\/service-areas\\\/#breadcrumb\",\"itemListElement\":[{\"@type\":\"ListItem\",\"position\":1,\"name\":\"Home\",\"item\":\"https:\\\/\\\/barkacsember.hu\\\/en\\\/\"},{\"@type\":\"ListItem\",\"position\":2,\"name\":\"Service areas\"}]},{\"@type\":\"WebSite\",\"@id\":\"https:\\\/\\\/barkacsember.hu\\\/en\\\/#website\",\"url\":\"https:\\\/\\\/barkacsember.hu\\\/en\\\/\",\"name\":\"Handyman\",\"description\":\"Budapest &amp; Pest County\",\"publisher\":{\"@id\":\"https:\\\/\\\/barkacsember.hu\\\/en\\\/#organization\"},\"potentialAction\":[{\"@type\":\"SearchAction\",\"target\":{\"@type\":\"EntryPoint\",\"urlTemplate\":\"https:\\\/\\\/barkacsember.hu\\\/en\\\/?s={search_term_string}\"},\"query-input\":{\"@type\":\"PropertyValueSpecification\",\"valueRequired\":true,\"valueName\":\"search_term_string\"}}],\"inLanguage\":\"hu\"},{\"@type\":\"Organization\",\"@id\":\"https:\\\/\\\/barkacsember.hu\\\/en\\\/#organization\",\"name\":\"Handyman\",\"url\":\"https:\\\/\\\/barkacsember.hu\\\/en\\\/\",\"logo\":{\"@type\":\"ImageObject\",\"inLanguage\":\"hu\",\"@id\":\"https:\\\/\\\/barkacsember.hu\\\/en\\\/#\\\/schema\\\/logo\\\/image\\\/\",\"url\":\"https:\\\/\\\/barkacsember.hu\\\/en\\\/wp-content\\\/uploads\\\/2020\\\/07\\\/cropped-LOGO-2.jpg\",\"contentUrl\":\"https:\\\/\\\/barkacsember.hu\\\/en\\\/wp-content\\\/uploads\\\/2020\\\/07\\\/cropped-LOGO-2.jpg\",\"width\":414,\"height\":150,\"caption\":\"Handyman\"},\"image\":{\"@id\":\"https:\\\/\\\/barkacsember.hu\\\/en\\\/#\\\/schema\\\/logo\\\/image\\\/\"}}]}<\/script>\n<!-- \/ Yoast SEO plugin. -->","yoast_head_json":{"title":"Service areas - Bark\u00e1cs Ember - Handyman","description":"Use the subpage below to find out if the handyman service is available in your area and, if so, what a fixed Call out fee you should expect.","robots":{"index":"index","follow":"follow","max-snippet":"max-snippet:-1","max-image-preview":"max-image-preview:large","max-video-preview":"max-video-preview:-1"},"canonical":"https:\/\/barkacsember.hu\/en\/service-areas\/","og_locale":"hu_HU","og_type":"article","og_title":"Service areas - Bark\u00e1cs Ember - Handyman","og_description":"Use the subpage below to find out if the handyman service is available in your area and, if so, what a fixed Call out fee you should expect.","og_url":"https:\/\/barkacsember.hu\/en\/service-areas\/","og_site_name":"Handyman","article_modified_time":"2022-01-02T20:08:19+00:00","og_image":[{"width":512,"height":512,"url":"https:\/\/barkacsember.hu\/en\/wp-content\/uploads\/2020\/07\/cropped-hammer.png","type":"image\/png"}],"twitter_card":"summary_large_image","twitter_misc":{"Becs\u00fclt olvas\u00e1si id\u0151":"1 perc"},"schema":{"@context":"https:\/\/schema.org","@graph":[{"@type":"WebPage","@id":"https:\/\/barkacsember.hu\/en\/service-areas\/","url":"https:\/\/barkacsember.hu\/en\/service-areas\/","name":"Service areas - Bark\u00e1cs Ember - Handyman","isPartOf":{"@id":"https:\/\/barkacsember.hu\/en\/#website"},"primaryImageOfPage":{"@id":"https:\/\/barkacsember.hu\/en\/service-areas\/#primaryimage"},"image":{"@id":"https:\/\/barkacsember.hu\/en\/service-areas\/#primaryimage"},"thumbnailUrl":"https:\/\/barkacsember.hu\/en\/wp-content\/uploads\/2020\/07\/cropped-hammer.png","datePublished":"2020-07-12T19:07:09+00:00","dateModified":"2022-01-02T20:08:19+00:00","description":"Use the subpage below to find out if the handyman service is available in your area and, if so, what a fixed Call out fee you should expect.","breadcrumb":{"@id":"https:\/\/barkacsember.hu\/en\/service-areas\/#breadcrumb"},"inLanguage":"hu","potentialAction":[{"@type":"ReadAction","target":["https:\/\/barkacsember.hu\/en\/service-areas\/"]}]},{"@type":"ImageObject","inLanguage":"hu","@id":"https:\/\/barkacsember.hu\/en\/service-areas\/#primaryimage","url":"https:\/\/barkacsember.hu\/en\/wp-content\/uploads\/2020\/07\/cropped-hammer.png","contentUrl":"https:\/\/barkacsember.hu\/en\/wp-content\/uploads\/2020\/07\/cropped-hammer.png","width":512,"height":512},{"@type":"BreadcrumbList","@id":"https:\/\/barkacsember.hu\/en\/service-areas\/#breadcrumb","itemListElement":[{"@type":"ListItem","position":1,"name":"Home","item":"https:\/\/barkacsember.hu\/en\/"},{"@type":"ListItem","position":2,"name":"Service areas"}]},{"@type":"WebSite","@id":"https:\/\/barkacsember.hu\/en\/#website","url":"https:\/\/barkacsember.hu\/en\/","name":"Handyman","description":"Budapest &amp; Pest County","publisher":{"@id":"https:\/\/barkacsember.hu\/en\/#organization"},"potentialAction":[{"@type":"SearchAction","target":{"@type":"EntryPoint","urlTemplate":"https:\/\/barkacsember.hu\/en\/?s={search_term_string}"},"query-input":{"@type":"PropertyValueSpecification","valueRequired":true,"valueName":"search_term_string"}}],"inLanguage":"hu"},{"@type":"Organization","@id":"https:\/\/barkacsember.hu\/en\/#organization","name":"Handyman","url":"https:\/\/barkacsember.hu\/en\/","logo":{"@type":"ImageObject","inLanguage":"hu","@id":"https:\/\/barkacsember.hu\/en\/#\/schema\/logo\/image\/","url":"https:\/\/barkacsember.hu\/en\/wp-content\/uploads\/2020\/07\/cropped-LOGO-2.jpg","contentUrl":"https:\/\/barkacsember.hu\/en\/wp-content\/uploads\/2020\/07\/cropped-LOGO-2.jpg","width":414,"height":150,"caption":"Handyman"},"image":{"@id":"https:\/\/barkacsember.hu\/en\/#\/schema\/logo\/image\/"}}]}},"_links":{"self":[{"href":"https:\/\/barkacsember.hu\/en\/wp-json\/wp\/v2\/pages\/643","targetHints":{"allow":["GET"]}}],"collection":[{"href":"https:\/\/barkacsember.hu\/en\/wp-json\/wp\/v2\/pages"}],"about":[{"href":"https:\/\/barkacsember.hu\/en\/wp-json\/wp\/v2\/types\/page"}],"author":[{"embeddable":true,"href":"https:\/\/barkacsember.hu\/en\/wp-json\/wp\/v2\/users\/1"}],"replies":[{"embeddable":true,"href":"https:\/\/barkacsember.hu\/en\/wp-json\/wp\/v2\/comments?post=643"}],"version-history":[{"count":0,"href":"https:\/\/barkacsember.hu\/en\/wp-json\/wp\/v2\/pages\/643\/revisions"}],"wp:featuredmedia":[{"embeddable":true,"href":"https:\/\/barkacsember.hu\/en\/wp-json\/wp\/v2\/media\/815"}],"wp:attachment":[{"href":"https:\/\/barkacsember.hu\/en\/wp-json\/wp\/v2\/media?parent=643"}],"curies":[{"name":"wp","href":"https:\/\/api.w.org\/{rel}","templated":true}]}}