{"id":265,"date":"2018-10-23T13:24:39","date_gmt":"2018-10-23T13:24:39","guid":{"rendered":"http:\/\/localhost\/wordpress\/bluecollar-demo\/?page_id=265"},"modified":"2026-05-01T07:52:22","modified_gmt":"2026-05-01T07:52:22","slug":"contact","status":"publish","type":"page","link":"https:\/\/barkacsember.hu\/en\/contact\/","title":{"rendered":"Contact"},"content":{"rendered":"\n<div class=\"wp-block-columns has-3-columns is-layout-flex wp-container-core-columns-is-layout-9d6595d7 wp-block-columns-is-layout-flex\">\n<div class=\"wp-block-column is-layout-flow wp-block-column-is-layout-flow\">\n            <div class=\"lsvr-feature lsvr-feature--has-icon\"\n                >\n                <div class=\"lsvr-feature__inner\">\n\n                                            <i class=\"lsvr-feature__icon icon-calendar\"><\/i>\n                    \n                    \n                        <h3 class=\"lsvr-feature__title\">\n                            Working hours                        <\/h3>\n\n                    \n                    \n                        <div class=\"lsvr-feature__text\">\n\n                            <p>Monday to Friday<br \/>\nFrom 8AM to 5PM<\/p>\n\n                        <\/div>\n\n                    \n                    \n                <\/div>\n            <\/div>\n\n            \n\n\n            <div class=\"lsvr-feature lsvr-feature--has-icon\"\n                >\n                <div class=\"lsvr-feature__inner\">\n\n                                            <i class=\"lsvr-feature__icon icon-phone2\"><\/i>\n                    \n                    \n                        <h3 class=\"lsvr-feature__title\">\n                            Telephone                        <\/h3>\n\n                    \n                    \n                    \n                        <p class=\"lsvr-feature__more\">\n                            <a href=\"tel:+36709411026\"\n                                class=\"lsvr-feature__more-link\">+36-70-941-1026<\/a>\n                        <\/p>\n\n                    \n                <\/div>\n            <\/div>\n\n            <\/div>\n\n\n\n<div class=\"wp-block-column is-layout-flow wp-block-column-is-layout-flow\">\n            <div class=\"lsvr-feature lsvr-feature--has-icon\"\n                >\n                <div class=\"lsvr-feature__inner\">\n\n                                            <i class=\"lsvr-feature__icon icon-envelope-o\"><\/i>\n                    \n                    \n                        <h3 class=\"lsvr-feature__title\">\n                            E-mail                        <\/h3>\n\n                    \n                    \n                    \n                        <p class=\"lsvr-feature__more\">\n                            <a href=\"mailto:info@barkacsember.hu?subject=Megkeres%C3%A9s\"\n                                class=\"lsvr-feature__more-link\">info@barkacsember.hu<\/a>\n                        <\/p>\n\n                    \n                <\/div>\n            <\/div>\n\n            \n\n\n            <div class=\"lsvr-feature lsvr-feature--has-icon\"\n                >\n                <div class=\"lsvr-feature__inner\">\n\n                                            <i class=\"lsvr-feature__icon icon-info-circle\"><\/i>\n                    \n                    \n                        <h3 class=\"lsvr-feature__title\">\n                            Viber                        <\/h3>\n\n                    \n                    \n                    \n                        <p class=\"lsvr-feature__more\">\n                            <a href=\"https:\/\/connect.viber.com\/business\/fab61366-ed1e-11ef-be99-de8241faa926?utm_source=manage&#038;utm_medium=copy_link\"\n                                class=\"lsvr-feature__more-link\">Sending message, files, pictures using Viber application..<\/a>\n                        <\/p>\n\n                    \n                <\/div>\n            <\/div>\n\n            <\/div>\n\n\n\n<div class=\"wp-block-column is-layout-flow wp-block-column-is-layout-flow\">\n            <div class=\"lsvr-feature lsvr-feature--has-icon\"\n                >\n                <div class=\"lsvr-feature__inner\">\n\n                                            <i class=\"lsvr-feature__icon icon-chat-bubble-circle\"><\/i>\n                    \n                    \n                        <h3 class=\"lsvr-feature__title\">\n                            WhatsApp                        <\/h3>\n\n                    \n                    \n                    \n                        <p class=\"lsvr-feature__more\">\n                            <a href=\"https:\/\/wa.me\/qr\/NCMPHED6XP7DL1\"\n                                class=\"lsvr-feature__more-link\">Sending message, files, pictures using WhatsApp application..<\/a>\n                        <\/p>\n\n                    \n                <\/div>\n            <\/div>\n\n            <\/div>\n<\/div>\n\n\n\n<div style=\"height:30px\" aria-hidden=\"true\" class=\"wp-block-spacer\"><\/div>\n\n\n\n<hr class=\"wp-block-separator has-css-opacity is-style-wide\"\/>\n\n\n\n<p><mark style=\"background-color:#fcb900\" class=\"has-inline-color has-white-color\">I would like to inform you That the next available <strong>appointments are from 2026. JUNE. <\/strong><\/mark><\/p>\n\n\n\n<h4 class=\"wp-block-heading\">Send a message with the details of the work<\/h4>\n\n\n<div class=\"wpforms-container wpforms-container-full wpforms-block wpforms-block-640f13be-c453-4838-aa1c-b9f9aa7407ff\" id=\"wpforms-627\"><form id=\"wpforms-form-627\" class=\"wpforms-validate wpforms-form\" data-formid=\"627\" method=\"post\" enctype=\"multipart\/form-data\" action=\"\/en\/wp-json\/wp\/v2\/pages\/265\" data-token=\"0294a93cffb700ef80744f4f84da099c\" data-token-time=\"1778299248\"><noscript class=\"wpforms-error-noscript\">Please enable JavaScript in your browser to complete this form.<\/noscript><div class=\"wpforms-field-container\"><div id=\"wpforms-627-field_1-container\" class=\"wpforms-field wpforms-field-text\" data-field-id=\"1\"><label class=\"wpforms-field-label\" for=\"wpforms-627-field_1\">Name <span class=\"wpforms-required-label\">*<\/span><\/label><input type=\"text\" id=\"wpforms-627-field_1\" class=\"wpforms-field-medium wpforms-field-required\" name=\"wpforms[fields][1]\" required><\/div><div id=\"wpforms-627-field_3-container\" class=\"wpforms-field wpforms-field-number\" data-field-id=\"3\"><label class=\"wpforms-field-label\" for=\"wpforms-627-field_3\">Phone number <span class=\"wpforms-required-label\">*<\/span><\/label><input type=\"number\" id=\"wpforms-627-field_3\" class=\"wpforms-field-medium wpforms-field-required\" name=\"wpforms[fields][3]\" step=\"any\" required><\/div><div id=\"wpforms-627-field_4-container\" class=\"wpforms-field wpforms-field-email\" data-field-id=\"4\"><label class=\"wpforms-field-label\" for=\"wpforms-627-field_4\">Email<\/label><input type=\"email\" id=\"wpforms-627-field_4\" class=\"wpforms-field-medium\" name=\"wpforms[fields][4]\" spellcheck=\"false\" ><\/div><div id=\"wpforms-627-field_6-container\" class=\"wpforms-field wpforms-field-select\" data-field-id=\"6\"><label class=\"wpforms-field-label\" for=\"wpforms-627-field_6\">Service area<\/label><select id=\"wpforms-627-field_6\" class=\"wpforms-field-medium\" name=\"wpforms[fields][6]\"><option value=\"Budakal\u00e1sz\"  class=\"choice-4 depth-1\"  >Budakal\u00e1sz<\/option><option value=\"Buda\u00f6rs\"  class=\"choice-5 depth-1\"  >Buda\u00f6rs<\/option><option value=\"Budapest II. Ker\u00fclet\"  class=\"choice-6 depth-1\"  >Budapest II. Ker\u00fclet<\/option><option value=\"Budapest III. Ker\u00fclet\"  class=\"choice-7 depth-1\"  >Budapest III. Ker\u00fclet<\/option><option value=\"Budapest IV. Ker\u00fclet\"  class=\"choice-8 depth-1\"  >Budapest IV. Ker\u00fclet<\/option><option value=\"Budapest IX. Ker\u00fclet\"  class=\"choice-9 depth-1\"  >Budapest IX. Ker\u00fclet<\/option><option value=\"Budapest V. Ker\u00fclet\"  class=\"choice-10 depth-1\"  >Budapest V. Ker\u00fclet<\/option><option value=\"Budapest VI. Ker\u00fclet\"  class=\"choice-11 depth-1\"  >Budapest VI. Ker\u00fclet<\/option><option value=\"Budapest VII. Ker\u00fclet\"  class=\"choice-12 depth-1\"  >Budapest VII. Ker\u00fclet<\/option><option value=\"Budapest VIII. Ker\u00fclet\"  class=\"choice-13 depth-1\"  >Budapest VIII. Ker\u00fclet<\/option><option value=\"Budapest X. Ker\u00fclet\"  class=\"choice-14 depth-1\"  >Budapest X. Ker\u00fclet<\/option><option value=\"Budapest XI. Ker\u00fclet\"  class=\"choice-15 depth-1\"  >Budapest XI. Ker\u00fclet<\/option><option value=\"Budapest XII. Ker\u00fclet\"  class=\"choice-16 depth-1\"  >Budapest XII. Ker\u00fclet<\/option><option value=\"Budapest XIII. Ker\u00fclet\"  class=\"choice-17 depth-1\"  >Budapest XIII. Ker\u00fclet<\/option><option value=\"Budapest XIV. Ker\u00fclet\"  class=\"choice-18 depth-1\"  >Budapest XIV. Ker\u00fclet<\/option><option value=\"Budapest XIX. Ker\u00fclet\"  class=\"choice-19 depth-1\"  >Budapest XIX. Ker\u00fclet<\/option><option value=\"Budapest XV. Ker\u00fclet\"  class=\"choice-20 depth-1\"  >Budapest XV. Ker\u00fclet<\/option><option value=\"Budapest XX. Ker\u00fclet\"  class=\"choice-21 depth-1\"  >Budapest XX. Ker\u00fclet<\/option><option value=\"Budapest XXII. Ker\u00fclet\"  class=\"choice-22 depth-1\"  >Budapest XXII. Ker\u00fclet<\/option><option value=\"Csob\u00e1nka\"  class=\"choice-23 depth-1\"  >Csob\u00e1nka<\/option><option value=\"Di\u00f3sd\"  class=\"choice-24 depth-1\"  >Di\u00f3sd<\/option><option value=\"Dunabogd\u00e1ny\"  class=\"choice-25 depth-1\"  >Dunabogd\u00e1ny<\/option><option value=\"Dunakeszi\"  class=\"choice-26 depth-1\"  >Dunakeszi<\/option><option value=\"Hor\u00e1ny\"  class=\"choice-27 depth-1\"  >Hor\u00e1ny<\/option><option value=\"Kisoroszi\"  class=\"choice-28 depth-1\"  >Kisoroszi<\/option><option value=\"Le\u00e1nyfalu\"  class=\"choice-29 depth-1\"  >Le\u00e1nyfalu<\/option><option value=\"Nagykov\u00e1csi\"  class=\"choice-30 depth-1\"  >Nagykov\u00e1csi<\/option><option value=\"Pilisborosjen\u0151\"  class=\"choice-31 depth-1\"  >Pilisborosjen\u0151<\/option><option value=\"Pilisszentiv\u00e1n\"  class=\"choice-32 depth-1\"  >Pilisszentiv\u00e1n<\/option><option value=\"Pilisv\u00f6r\u00f6sv\u00e1r\"  class=\"choice-33 depth-1\"  >Pilisv\u00f6r\u00f6sv\u00e1r<\/option><option value=\"P\u00f3csmegyer\"  class=\"choice-34 depth-1\"  >P\u00f3csmegyer<\/option><option value=\"Pom\u00e1z\"  class=\"choice-35 depth-1\"  >Pom\u00e1z<\/option><option value=\"Solym\u00e1r\"  class=\"choice-36 depth-1\"  >Solym\u00e1r<\/option><option value=\"Sur\u00e1ny\"  class=\"choice-37 depth-1\"  >Sur\u00e1ny<\/option><option value=\"Szentendre\"  class=\"choice-38 depth-1\"  >Szentendre<\/option><option value=\"Szentgy\u00f6rgypuszta\"  class=\"choice-39 depth-1\"  >Szentgy\u00f6rgypuszta<\/option><option value=\"Szigetmonostor\"  class=\"choice-40 depth-1\"  >Szigetmonostor<\/option><option value=\"Tahit\u00f3tfalu\"  class=\"choice-41 depth-1\"  >Tahit\u00f3tfalu<\/option><option value=\"T\u00f3tfalu\"  class=\"choice-42 depth-1\"  >T\u00f3tfalu<\/option><option value=\"\u00dajmajor\"  class=\"choice-43 depth-1\"  >\u00dajmajor<\/option><option value=\"\u00dcr\u00f6m\"  class=\"choice-44 depth-1\"  >\u00dcr\u00f6m<\/option><option value=\"Visegr\u00e1d\"  class=\"choice-45 depth-1\"  >Visegr\u00e1d<\/option><option value=\"Choice 46\"  class=\"choice-46 depth-1\"  >Choice 46<\/option><\/select><\/div><div id=\"wpforms-627-field_7-container\" class=\"wpforms-field wpforms-field-textarea\" data-field-id=\"7\"><label class=\"wpforms-field-label\" for=\"wpforms-627-field_7\">Details of work <span class=\"wpforms-required-label\">*<\/span><\/label><textarea id=\"wpforms-627-field_7\" class=\"wpforms-field-medium wpforms-field-required\" name=\"wpforms[fields][7]\" required><\/textarea><\/div><\/div><!-- .wpforms-field-container --><div class=\"wpforms-field wpforms-field-hp\"><label for=\"wpforms-627-field-hp\" class=\"wpforms-field-label\">Website<\/label><input type=\"text\" name=\"wpforms[hp]\" id=\"wpforms-627-field-hp\" class=\"wpforms-field-medium\"><\/div><div class=\"wpforms-submit-container\" ><input type=\"hidden\" name=\"wpforms[id]\" value=\"627\"><input type=\"hidden\" name=\"page_title\" value=\"\"><input type=\"hidden\" name=\"page_url\" value=\"https:\/\/barkacsember.hu\/en\/wp-json\/wp\/v2\/pages\/265\"><input type=\"hidden\" name=\"url_referer\" value=\"\"><button type=\"submit\" name=\"wpforms[submit]\" id=\"wpforms-submit-627\" class=\"wpforms-submit\" data-alt-text=\"Sending...\" data-submit-text=\"Submit\" aria-live=\"assertive\" value=\"wpforms-submit\">Submit<\/button><\/div><\/form><\/div>  <!-- .wpforms-container -->\n\n\n<p><\/p>\n","protected":false},"excerpt":{"rendered":"<p>I would like to inform you That the next available appointments are from 2026. JUNE. Send a message with the details of the work<\/p>\n","protected":false},"author":1,"featured_media":815,"parent":0,"menu_order":0,"comment_status":"closed","ping_status":"closed","template":"page-templates\/narrow.php","meta":{"footnotes":""},"class_list":["post-265","page","type-page","status-publish","has-post-thumbnail","hentry"],"yoast_head":"<!-- This site is optimized with the Yoast SEO plugin v27.5 - https:\/\/yoast.com\/product\/yoast-seo-wordpress\/ -->\n<title>Contact (telephone, email) - Bark\u00e1cs Ember - Handyman<\/title>\n<meta name=\"description\" content=\"On the subpage below, you have the opportunity to contact the Bark\u00e1cs Ember by email, phone and website.\" \/>\n<meta name=\"robots\" content=\"index, follow, max-snippet:-1, max-image-preview:large, max-video-preview:-1\" \/>\n<link rel=\"canonical\" href=\"https:\/\/barkacsember.hu\/en\/contact\/\" \/>\n<meta property=\"og:locale\" content=\"hu_HU\" \/>\n<meta property=\"og:type\" content=\"article\" \/>\n<meta property=\"og:title\" content=\"Contact (telephone, email) - Bark\u00e1cs Ember - Handyman\" \/>\n<meta property=\"og:description\" content=\"On the subpage below, you have the opportunity to contact the Bark\u00e1cs Ember by email, phone and website.\" \/>\n<meta property=\"og:url\" content=\"https:\/\/barkacsember.hu\/en\/contact\/\" \/>\n<meta property=\"og:site_name\" content=\"Handyman\" \/>\n<meta property=\"article:modified_time\" content=\"2026-05-01T07:52:22+00:00\" \/>\n<meta property=\"og:image\" content=\"https:\/\/barkacsember.hu\/en\/wp-content\/uploads\/2020\/07\/cropped-hammer.png\" \/>\n\t<meta property=\"og:image:width\" content=\"512\" \/>\n\t<meta property=\"og:image:height\" content=\"512\" \/>\n\t<meta property=\"og:image:type\" content=\"image\/png\" \/>\n<meta name=\"twitter:card\" content=\"summary_large_image\" \/>\n<meta name=\"twitter:label1\" content=\"Becs\u00fclt olvas\u00e1si id\u0151\" \/>\n\t<meta name=\"twitter:data1\" content=\"1 perc\" \/>\n<script type=\"application\/ld+json\" class=\"yoast-schema-graph\">{\"@context\":\"https:\\\/\\\/schema.org\",\"@graph\":[{\"@type\":\"WebPage\",\"@id\":\"https:\\\/\\\/barkacsember.hu\\\/en\\\/contact\\\/\",\"url\":\"https:\\\/\\\/barkacsember.hu\\\/en\\\/contact\\\/\",\"name\":\"Contact (telephone, email) - Bark\u00e1cs Ember - Handyman\",\"isPartOf\":{\"@id\":\"https:\\\/\\\/barkacsember.hu\\\/en\\\/#website\"},\"primaryImageOfPage\":{\"@id\":\"https:\\\/\\\/barkacsember.hu\\\/en\\\/contact\\\/#primaryimage\"},\"image\":{\"@id\":\"https:\\\/\\\/barkacsember.hu\\\/en\\\/contact\\\/#primaryimage\"},\"thumbnailUrl\":\"https:\\\/\\\/barkacsember.hu\\\/en\\\/wp-content\\\/uploads\\\/2020\\\/07\\\/cropped-hammer.png\",\"datePublished\":\"2018-10-23T13:24:39+00:00\",\"dateModified\":\"2026-05-01T07:52:22+00:00\",\"description\":\"On the subpage below, you have the opportunity to contact the Bark\u00e1cs Ember by email, phone and website.\",\"breadcrumb\":{\"@id\":\"https:\\\/\\\/barkacsember.hu\\\/en\\\/contact\\\/#breadcrumb\"},\"inLanguage\":\"hu\",\"potentialAction\":[{\"@type\":\"ReadAction\",\"target\":[\"https:\\\/\\\/barkacsember.hu\\\/en\\\/contact\\\/\"]}]},{\"@type\":\"ImageObject\",\"inLanguage\":\"hu\",\"@id\":\"https:\\\/\\\/barkacsember.hu\\\/en\\\/contact\\\/#primaryimage\",\"url\":\"https:\\\/\\\/barkacsember.hu\\\/en\\\/wp-content\\\/uploads\\\/2020\\\/07\\\/cropped-hammer.png\",\"contentUrl\":\"https:\\\/\\\/barkacsember.hu\\\/en\\\/wp-content\\\/uploads\\\/2020\\\/07\\\/cropped-hammer.png\",\"width\":512,\"height\":512},{\"@type\":\"BreadcrumbList\",\"@id\":\"https:\\\/\\\/barkacsember.hu\\\/en\\\/contact\\\/#breadcrumb\",\"itemListElement\":[{\"@type\":\"ListItem\",\"position\":1,\"name\":\"Home\",\"item\":\"https:\\\/\\\/barkacsember.hu\\\/en\\\/\"},{\"@type\":\"ListItem\",\"position\":2,\"name\":\"Contact\"}]},{\"@type\":\"WebSite\",\"@id\":\"https:\\\/\\\/barkacsember.hu\\\/en\\\/#website\",\"url\":\"https:\\\/\\\/barkacsember.hu\\\/en\\\/\",\"name\":\"Handyman\",\"description\":\"Budapest &amp; Pest County\",\"publisher\":{\"@id\":\"https:\\\/\\\/barkacsember.hu\\\/en\\\/#organization\"},\"potentialAction\":[{\"@type\":\"SearchAction\",\"target\":{\"@type\":\"EntryPoint\",\"urlTemplate\":\"https:\\\/\\\/barkacsember.hu\\\/en\\\/?s={search_term_string}\"},\"query-input\":{\"@type\":\"PropertyValueSpecification\",\"valueRequired\":true,\"valueName\":\"search_term_string\"}}],\"inLanguage\":\"hu\"},{\"@type\":\"Organization\",\"@id\":\"https:\\\/\\\/barkacsember.hu\\\/en\\\/#organization\",\"name\":\"Handyman\",\"url\":\"https:\\\/\\\/barkacsember.hu\\\/en\\\/\",\"logo\":{\"@type\":\"ImageObject\",\"inLanguage\":\"hu\",\"@id\":\"https:\\\/\\\/barkacsember.hu\\\/en\\\/#\\\/schema\\\/logo\\\/image\\\/\",\"url\":\"https:\\\/\\\/barkacsember.hu\\\/en\\\/wp-content\\\/uploads\\\/2020\\\/07\\\/cropped-LOGO-2.jpg\",\"contentUrl\":\"https:\\\/\\\/barkacsember.hu\\\/en\\\/wp-content\\\/uploads\\\/2020\\\/07\\\/cropped-LOGO-2.jpg\",\"width\":414,\"height\":150,\"caption\":\"Handyman\"},\"image\":{\"@id\":\"https:\\\/\\\/barkacsember.hu\\\/en\\\/#\\\/schema\\\/logo\\\/image\\\/\"}}]}<\/script>\n<!-- \/ Yoast SEO plugin. -->","yoast_head_json":{"title":"Contact (telephone, email) - Bark\u00e1cs Ember - Handyman","description":"On the subpage below, you have the opportunity to contact the Bark\u00e1cs Ember by email, phone and website.","robots":{"index":"index","follow":"follow","max-snippet":"max-snippet:-1","max-image-preview":"max-image-preview:large","max-video-preview":"max-video-preview:-1"},"canonical":"https:\/\/barkacsember.hu\/en\/contact\/","og_locale":"hu_HU","og_type":"article","og_title":"Contact (telephone, email) - Bark\u00e1cs Ember - Handyman","og_description":"On the subpage below, you have the opportunity to contact the Bark\u00e1cs Ember by email, phone and website.","og_url":"https:\/\/barkacsember.hu\/en\/contact\/","og_site_name":"Handyman","article_modified_time":"2026-05-01T07:52:22+00:00","og_image":[{"width":512,"height":512,"url":"https:\/\/barkacsember.hu\/en\/wp-content\/uploads\/2020\/07\/cropped-hammer.png","type":"image\/png"}],"twitter_card":"summary_large_image","twitter_misc":{"Becs\u00fclt olvas\u00e1si id\u0151":"1 perc"},"schema":{"@context":"https:\/\/schema.org","@graph":[{"@type":"WebPage","@id":"https:\/\/barkacsember.hu\/en\/contact\/","url":"https:\/\/barkacsember.hu\/en\/contact\/","name":"Contact (telephone, email) - Bark\u00e1cs Ember - Handyman","isPartOf":{"@id":"https:\/\/barkacsember.hu\/en\/#website"},"primaryImageOfPage":{"@id":"https:\/\/barkacsember.hu\/en\/contact\/#primaryimage"},"image":{"@id":"https:\/\/barkacsember.hu\/en\/contact\/#primaryimage"},"thumbnailUrl":"https:\/\/barkacsember.hu\/en\/wp-content\/uploads\/2020\/07\/cropped-hammer.png","datePublished":"2018-10-23T13:24:39+00:00","dateModified":"2026-05-01T07:52:22+00:00","description":"On the subpage below, you have the opportunity to contact the Bark\u00e1cs Ember by email, phone and website.","breadcrumb":{"@id":"https:\/\/barkacsember.hu\/en\/contact\/#breadcrumb"},"inLanguage":"hu","potentialAction":[{"@type":"ReadAction","target":["https:\/\/barkacsember.hu\/en\/contact\/"]}]},{"@type":"ImageObject","inLanguage":"hu","@id":"https:\/\/barkacsember.hu\/en\/contact\/#primaryimage","url":"https:\/\/barkacsember.hu\/en\/wp-content\/uploads\/2020\/07\/cropped-hammer.png","contentUrl":"https:\/\/barkacsember.hu\/en\/wp-content\/uploads\/2020\/07\/cropped-hammer.png","width":512,"height":512},{"@type":"BreadcrumbList","@id":"https:\/\/barkacsember.hu\/en\/contact\/#breadcrumb","itemListElement":[{"@type":"ListItem","position":1,"name":"Home","item":"https:\/\/barkacsember.hu\/en\/"},{"@type":"ListItem","position":2,"name":"Contact"}]},{"@type":"WebSite","@id":"https:\/\/barkacsember.hu\/en\/#website","url":"https:\/\/barkacsember.hu\/en\/","name":"Handyman","description":"Budapest &amp; Pest County","publisher":{"@id":"https:\/\/barkacsember.hu\/en\/#organization"},"potentialAction":[{"@type":"SearchAction","target":{"@type":"EntryPoint","urlTemplate":"https:\/\/barkacsember.hu\/en\/?s={search_term_string}"},"query-input":{"@type":"PropertyValueSpecification","valueRequired":true,"valueName":"search_term_string"}}],"inLanguage":"hu"},{"@type":"Organization","@id":"https:\/\/barkacsember.hu\/en\/#organization","name":"Handyman","url":"https:\/\/barkacsember.hu\/en\/","logo":{"@type":"ImageObject","inLanguage":"hu","@id":"https:\/\/barkacsember.hu\/en\/#\/schema\/logo\/image\/","url":"https:\/\/barkacsember.hu\/en\/wp-content\/uploads\/2020\/07\/cropped-LOGO-2.jpg","contentUrl":"https:\/\/barkacsember.hu\/en\/wp-content\/uploads\/2020\/07\/cropped-LOGO-2.jpg","width":414,"height":150,"caption":"Handyman"},"image":{"@id":"https:\/\/barkacsember.hu\/en\/#\/schema\/logo\/image\/"}}]}},"_links":{"self":[{"href":"https:\/\/barkacsember.hu\/en\/wp-json\/wp\/v2\/pages\/265","targetHints":{"allow":["GET"]}}],"collection":[{"href":"https:\/\/barkacsember.hu\/en\/wp-json\/wp\/v2\/pages"}],"about":[{"href":"https:\/\/barkacsember.hu\/en\/wp-json\/wp\/v2\/types\/page"}],"author":[{"embeddable":true,"href":"https:\/\/barkacsember.hu\/en\/wp-json\/wp\/v2\/users\/1"}],"replies":[{"embeddable":true,"href":"https:\/\/barkacsember.hu\/en\/wp-json\/wp\/v2\/comments?post=265"}],"version-history":[{"count":0,"href":"https:\/\/barkacsember.hu\/en\/wp-json\/wp\/v2\/pages\/265\/revisions"}],"wp:featuredmedia":[{"embeddable":true,"href":"https:\/\/barkacsember.hu\/en\/wp-json\/wp\/v2\/media\/815"}],"wp:attachment":[{"href":"https:\/\/barkacsember.hu\/en\/wp-json\/wp\/v2\/media?parent=265"}],"curies":[{"name":"wp","href":"https:\/\/api.w.org\/{rel}","templated":true}]}}